{"id":295,"date":"2024-08-06T17:24:09","date_gmt":"2024-08-06T17:24:09","guid":{"rendered":"https:\/\/voguetalent.hu\/?page_id=295"},"modified":"2024-09-02T17:01:12","modified_gmt":"2024-09-02T17:01:12","slug":"online-idopont-foglalas","status":"publish","type":"page","link":"https:\/\/voguetalent.hu\/en\/online-idopont-foglalas\/","title":{"rendered":"Online id\u0151pont foglal\u00e1s"},"content":{"rendered":"<p>[et_pb_section fb_built=&#8221;1&#8243; fullwidth=&#8221;on&#8221; _builder_version=&#8221;4.27.0&#8243; _module_preset=&#8221;default&#8221; global_colors_info=&#8221;{}&#8221;][et_pb_fullwidth_code _builder_version=&#8221;4.27.0&#8243; _module_preset=&#8221;default&#8221; background_color=&#8221;RGBA(255,255,255,0)&#8221; text_orientation=&#8221;justified&#8221; module_alignment=&#8221;center&#8221; hover_enabled=&#8221;0&#8243; global_colors_info=&#8221;{}&#8221; sticky_enabled=&#8221;0&#8243;]<iframe id=\"salonicBookingWidget\" data-src=\"https:\/\/voguetalent.salonic.hu\/?iframe=true\" style=\"width: 100%; max-width: 1980px; height: 1000px; border: 1px solid #eee; border-radius: 4px\" src=\"data:image\/svg+xml;base64,PHN2ZyB3aWR0aD0iMSIgaGVpZ2h0PSIxIiB4bWxucz0iaHR0cDovL3d3dy53My5vcmcvMjAwMC9zdmciPjwvc3ZnPg==\" class=\"lazyload\" data-load-mode=\"1\"><\/iframe><!-- [et_pb_line_break_holder] -->[\/et_pb_fullwidth_code][\/et_pb_section]<\/p>","protected":false},"excerpt":{"rendered":"","protected":false},"author":2,"featured_media":0,"parent":0,"menu_order":0,"comment_status":"closed","ping_status":"closed","template":"","meta":{"_bbp_topic_count":0,"_bbp_reply_count":0,"_bbp_total_topic_count":0,"_bbp_total_reply_count":0,"_bbp_voice_count":0,"_bbp_anonymous_reply_count":0,"_bbp_topic_count_hidden":0,"_bbp_reply_count_hidden":0,"_bbp_forum_subforum_count":0,"_et_pb_use_builder":"on","_et_pb_old_content":"","_et_gb_content_width":"","pmpro_default_level":"","_monsterinsights_skip_tracking":false,"_monsterinsights_sitenote_active":false,"_monsterinsights_sitenote_note":"","_monsterinsights_sitenote_category":0,"powered_cache_disable_cache":false,"footnotes":""},"class_list":["post-295","page","type-page","status-publish","hentry","pmpro-has-access"],"yoast_head":"<!-- This site is optimized with the Yoast SEO plugin v23.5 - https:\/\/yoast.com\/wordpress\/plugins\/seo\/ -->\n<title>Online id\u0151pont foglal\u00e1s - voguetalent.hu<\/title>\n<meta name=\"robots\" content=\"index, follow, max-snippet:-1, max-image-preview:large, max-video-preview:-1\" \/>\n<link rel=\"canonical\" href=\"https:\/\/voguetalent.hu\/en\/online-idopont-foglalas\/\" \/>\n<meta property=\"og:locale\" content=\"en_US\" \/>\n<meta property=\"og:type\" content=\"article\" \/>\n<meta property=\"og:title\" content=\"Online id\u0151pont foglal\u00e1s - voguetalent.hu\" \/>\n<meta property=\"og:url\" content=\"https:\/\/voguetalent.hu\/en\/online-idopont-foglalas\/\" \/>\n<meta property=\"og:site_name\" content=\"voguetalent.hu\" \/>\n<meta property=\"article:publisher\" content=\"https:\/\/www.facebook.com\/profile.php?id=61561851464640\" \/>\n<meta property=\"article:modified_time\" content=\"2024-09-02T17:01:12+00:00\" \/>\n<meta name=\"twitter:card\" content=\"summary_large_image\" \/>\n<script type=\"application\/ld+json\" class=\"yoast-schema-graph\">{\"@context\":\"https:\/\/schema.org\",\"@graph\":[{\"@type\":\"WebPage\",\"@id\":\"https:\/\/voguetalent.hu\/online-idopont-foglalas\/\",\"url\":\"https:\/\/voguetalent.hu\/online-idopont-foglalas\/\",\"name\":\"Online id\u0151pont foglal\u00e1s - voguetalent.hu\",\"isPartOf\":{\"@id\":\"https:\/\/voguetalent.hu\/#website\"},\"datePublished\":\"2024-08-06T17:24:09+00:00\",\"dateModified\":\"2024-09-02T17:01:12+00:00\",\"breadcrumb\":{\"@id\":\"https:\/\/voguetalent.hu\/online-idopont-foglalas\/#breadcrumb\"},\"inLanguage\":\"en-US\",\"potentialAction\":[{\"@type\":\"ReadAction\",\"target\":[\"https:\/\/voguetalent.hu\/online-idopont-foglalas\/\"]}]},{\"@type\":\"BreadcrumbList\",\"@id\":\"https:\/\/voguetalent.hu\/online-idopont-foglalas\/#breadcrumb\",\"itemListElement\":[{\"@type\":\"ListItem\",\"position\":1,\"name\":\"Home\",\"item\":\"https:\/\/voguetalent.hu\/\"},{\"@type\":\"ListItem\",\"position\":2,\"name\":\"Online id\u0151pont foglal\u00e1s\"}]},{\"@type\":\"WebSite\",\"@id\":\"https:\/\/voguetalent.hu\/#website\",\"url\":\"https:\/\/voguetalent.hu\/\",\"name\":\"voguetalent.hu\",\"description\":\"Fejvad\u00e1sz, HR: gy\u00f3gyszeripar, vegyipar, \u00e9lelmiszeripar, eg\u00e9szs\u00e9g\u00fcgy\",\"publisher\":{\"@id\":\"https:\/\/voguetalent.hu\/#organization\"},\"potentialAction\":[{\"@type\":\"SearchAction\",\"target\":{\"@type\":\"EntryPoint\",\"urlTemplate\":\"https:\/\/voguetalent.hu\/?s={search_term_string}\"},\"query-input\":{\"@type\":\"PropertyValueSpecification\",\"valueRequired\":true,\"valueName\":\"search_term_string\"}}],\"inLanguage\":\"en-US\"},{\"@type\":\"Organization\",\"@id\":\"https:\/\/voguetalent.hu\/#organization\",\"name\":\"voguetalent.hu\",\"url\":\"https:\/\/voguetalent.hu\/\",\"logo\":{\"@type\":\"ImageObject\",\"inLanguage\":\"en-US\",\"@id\":\"https:\/\/voguetalent.hu\/#\/schema\/logo\/image\/\",\"url\":\"https:\/\/voguetalent.hu\/wp-content\/uploads\/2024\/07\/Voguetalent_V.jpg\",\"contentUrl\":\"https:\/\/voguetalent.hu\/wp-content\/uploads\/2024\/07\/Voguetalent_V.jpg\",\"width\":952,\"height\":899,\"caption\":\"voguetalent.hu\"},\"image\":{\"@id\":\"https:\/\/voguetalent.hu\/#\/schema\/logo\/image\/\"},\"sameAs\":[\"https:\/\/www.facebook.com\/profile.php?id=61561851464640\"]}]}<\/script>\n<!-- \/ Yoast SEO plugin. -->","yoast_head_json":{"title":"Online id\u0151pont foglal\u00e1s - voguetalent.hu","robots":{"index":"index","follow":"follow","max-snippet":"max-snippet:-1","max-image-preview":"max-image-preview:large","max-video-preview":"max-video-preview:-1"},"canonical":"https:\/\/voguetalent.hu\/en\/online-idopont-foglalas\/","og_locale":"en_US","og_type":"article","og_title":"Online id\u0151pont foglal\u00e1s - voguetalent.hu","og_url":"https:\/\/voguetalent.hu\/en\/online-idopont-foglalas\/","og_site_name":"voguetalent.hu","article_publisher":"https:\/\/www.facebook.com\/profile.php?id=61561851464640","article_modified_time":"2024-09-02T17:01:12+00:00","twitter_card":"summary_large_image","schema":{"@context":"https:\/\/schema.org","@graph":[{"@type":"WebPage","@id":"https:\/\/voguetalent.hu\/online-idopont-foglalas\/","url":"https:\/\/voguetalent.hu\/online-idopont-foglalas\/","name":"Online id\u0151pont foglal\u00e1s - voguetalent.hu","isPartOf":{"@id":"https:\/\/voguetalent.hu\/#website"},"datePublished":"2024-08-06T17:24:09+00:00","dateModified":"2024-09-02T17:01:12+00:00","breadcrumb":{"@id":"https:\/\/voguetalent.hu\/online-idopont-foglalas\/#breadcrumb"},"inLanguage":"en-US","potentialAction":[{"@type":"ReadAction","target":["https:\/\/voguetalent.hu\/online-idopont-foglalas\/"]}]},{"@type":"BreadcrumbList","@id":"https:\/\/voguetalent.hu\/online-idopont-foglalas\/#breadcrumb","itemListElement":[{"@type":"ListItem","position":1,"name":"Home","item":"https:\/\/voguetalent.hu\/"},{"@type":"ListItem","position":2,"name":"Online id\u0151pont foglal\u00e1s"}]},{"@type":"WebSite","@id":"https:\/\/voguetalent.hu\/#website","url":"https:\/\/voguetalent.hu\/","name":"voguetalent.hu","description":"Fejvad\u00e1sz, HR: gy\u00f3gyszeripar, vegyipar, \u00e9lelmiszeripar, eg\u00e9szs\u00e9g\u00fcgy","publisher":{"@id":"https:\/\/voguetalent.hu\/#organization"},"potentialAction":[{"@type":"SearchAction","target":{"@type":"EntryPoint","urlTemplate":"https:\/\/voguetalent.hu\/?s={search_term_string}"},"query-input":{"@type":"PropertyValueSpecification","valueRequired":true,"valueName":"search_term_string"}}],"inLanguage":"en-US"},{"@type":"Organization","@id":"https:\/\/voguetalent.hu\/#organization","name":"voguetalent.hu","url":"https:\/\/voguetalent.hu\/","logo":{"@type":"ImageObject","inLanguage":"en-US","@id":"https:\/\/voguetalent.hu\/#\/schema\/logo\/image\/","url":"https:\/\/voguetalent.hu\/wp-content\/uploads\/2024\/07\/Voguetalent_V.jpg","contentUrl":"https:\/\/voguetalent.hu\/wp-content\/uploads\/2024\/07\/Voguetalent_V.jpg","width":952,"height":899,"caption":"voguetalent.hu"},"image":{"@id":"https:\/\/voguetalent.hu\/#\/schema\/logo\/image\/"},"sameAs":["https:\/\/www.facebook.com\/profile.php?id=61561851464640"]}]}},"jetpack_sharing_enabled":true,"_links":{"self":[{"href":"https:\/\/voguetalent.hu\/en\/wp-json\/wp\/v2\/pages\/295"}],"collection":[{"href":"https:\/\/voguetalent.hu\/en\/wp-json\/wp\/v2\/pages"}],"about":[{"href":"https:\/\/voguetalent.hu\/en\/wp-json\/wp\/v2\/types\/page"}],"author":[{"embeddable":true,"href":"https:\/\/voguetalent.hu\/en\/wp-json\/wp\/v2\/users\/2"}],"replies":[{"embeddable":true,"href":"https:\/\/voguetalent.hu\/en\/wp-json\/wp\/v2\/comments?post=295"}],"version-history":[{"count":0,"href":"https:\/\/voguetalent.hu\/en\/wp-json\/wp\/v2\/pages\/295\/revisions"}],"wp:attachment":[{"href":"https:\/\/voguetalent.hu\/en\/wp-json\/wp\/v2\/media?parent=295"}],"curies":[{"name":"wp","href":"https:\/\/api.w.org\/{rel}","templated":true}]}}