{"id":548,"date":"2024-08-13T08:03:53","date_gmt":"2024-08-13T08:03:53","guid":{"rendered":"https:\/\/voguetalent.hu\/?page_id=548"},"modified":"2024-09-05T17:29:14","modified_gmt":"2024-09-05T17:29:14","slug":"ceges-meetingek-konferenciak-szervezese","status":"publish","type":"page","link":"https:\/\/voguetalent.hu\/en\/ceges-meetingek-konferenciak-szervezese\/","title":{"rendered":"Organizing corporate meetings and conferences"},"content":{"rendered":"<p>[et_pb_section fb_built=&#8221;1&#8243; admin_label=&#8221;Header&#8221; _builder_version=&#8221;4.16&#8243; _module_preset=&#8221;default&#8221; background_image=&#8221;https:\/\/voguetalent.hu\/wp-content\/uploads\/2024\/08\/virtual-assistant-19.png&#8221; custom_padding=&#8221;2.9%||3.5%||false|false&#8221; global_colors_info=&#8221;{}&#8221;][et_pb_row _builder_version=&#8221;4.16&#8243; _module_preset=&#8221;default&#8221; global_colors_info=&#8221;{}&#8221;][et_pb_column type=&#8221;4_4&#8243; _builder_version=&#8221;4.16&#8243; _module_preset=&#8221;default&#8221; global_colors_info=&#8221;{}&#8221;][et_pb_text _builder_version=&#8221;4.27.0&#8243; _module_preset=&#8221;default&#8221; header_font=&#8221;Lora|300|||||||&#8221; header_font_size=&#8221;100px&#8221; header_line_height=&#8221;1.2em&#8221; text_orientation=&#8221;center&#8221; header_font_size_tablet=&#8221;65px&#8221; header_font_size_phone=&#8221;42px&#8221; header_font_size_last_edited=&#8221;on|phone&#8221; locked=&#8221;off&#8221; global_colors_info=&#8221;{}&#8221;]<\/p>\n<h1 class=\"\">Corporate Meetings and Conferences<\/h1>\n<p>[\/et_pb_text][et_pb_text _builder_version=&#8221;4.27.0&#8243; _module_preset=&#8221;default&#8221; text_font=&#8221;Merriweather||||||||&#8221; text_font_size=&#8221;16px&#8221; text_line_height=&#8221;1.8em&#8221; header_2_font=&#8221;Work Sans|300||on|||||&#8221; header_2_font_size=&#8221;24px&#8221; header_2_letter_spacing=&#8221;0.3em&#8221; header_2_line_height=&#8221;1.6em&#8221; text_orientation=&#8221;center&#8221; max_width=&#8221;600px&#8221; module_alignment=&#8221;center&#8221; text_font_size_tablet=&#8221;14px&#8221; text_font_size_phone=&#8221;14px&#8221; text_font_size_last_edited=&#8221;on|phone&#8221; header_2_font_size_tablet=&#8221;18px&#8221; header_2_font_size_phone=&#8221;16px&#8221; header_2_font_size_last_edited=&#8221;on|phone&#8221; locked=&#8221;off&#8221; global_colors_info=&#8221;{}&#8221;]<\/p>\n<h2>Organized meetings and conferences where efficiency and success meet.<\/h2>\n<p>[\/et_pb_text][\/et_pb_column][\/et_pb_row][\/et_pb_section][et_pb_section fb_built=&#8221;1&#8243; admin_label=&#8221;About&#8221; _builder_version=&#8221;4.16&#8243; _module_preset=&#8221;default&#8221; custom_padding=&#8221;0px||0px||false|false&#8221; locked=&#8221;off&#8221; global_colors_info=&#8221;{}&#8221;][et_pb_row column_structure=&#8221;1_2,1_2&#8243; _builder_version=&#8221;4.27.0&#8243; _module_preset=&#8221;default&#8221; width=&#8221;100%&#8221; width_tablet=&#8221;80%&#8221; width_phone=&#8221;&#8221; width_last_edited=&#8221;on|tablet&#8221; max_width=&#8221;none&#8221; custom_margin=&#8221;1px|auto|-21px|auto||&#8221; custom_padding=&#8221;16px||0px|||&#8221; global_colors_info=&#8221;{}&#8221;][et_pb_column type=&#8221;1_2&#8243; _builder_version=&#8221;4.16&#8243; _module_preset=&#8221;default&#8221; background_enable_image=&#8221;off&#8221; background_position=&#8221;bottom_left&#8221; custom_padding=&#8221;8vw||5vw|10vw|false|false&#8221; custom_padding_tablet=&#8221;8vw||5vw|0vw|false|false&#8221; custom_padding_phone=&#8221;&#8221; custom_padding_last_edited=&#8221;on|tablet&#8221; global_colors_info=&#8221;{}&#8221;][et_pb_text _builder_version=&#8221;4.27.0&#8243; _module_preset=&#8221;default&#8221; text_font=&#8221;Merriweather||||||||&#8221; text_font_size=&#8221;16px&#8221; text_line_height=&#8221;2.2em&#8221; header_2_font=&#8221;Merriweather|300||on|||||&#8221; header_2_font_size=&#8221;24px&#8221; header_2_letter_spacing=&#8221;0.3em&#8221; header_2_line_height=&#8221;1.6em&#8221; max_width=&#8221;510px&#8221; max_width_tablet=&#8221;100%&#8221; max_width_phone=&#8221;&#8221; max_width_last_edited=&#8221;on|tablet&#8221; module_alignment=&#8221;right&#8221; text_font_size_tablet=&#8221;14px&#8221; text_font_size_phone=&#8221;14px&#8221; text_font_size_last_edited=&#8221;on|phone&#8221; header_2_font_size_tablet=&#8221;18px&#8221; header_2_font_size_phone=&#8221;16px&#8221; header_2_font_size_last_edited=&#8221;on|phone&#8221; locked=&#8221;off&#8221; global_colors_info=&#8221;{}&#8221;]<\/p>\n<p style=\"text-align: justify;\">Why choose our services? Because with us, meetings are more than just formal events; they\u2019re strategic opportunities. We meticulously plan and execute your meetings, so you can focus on what matters most. We pay attention to every detail, ensuring everything runs as smoothly and efficiently as possible. Leave the organization to us and experience what it\u2019s like when meetings truly deliver results.<\/p>\n<p>[\/et_pb_text][\/et_pb_column][et_pb_column type=&#8221;1_2&#8243; _builder_version=&#8221;4.27.0&#8243; _module_preset=&#8221;default&#8221; background_image=&#8221;https:\/\/voguetalent.hu\/wp-content\/uploads\/2024\/08\/meeting.jpg&#8221; parallax=&#8221;on&#8221; global_colors_info=&#8221;{}&#8221;][et_pb_divider color=&#8221;rgba(0,0,0,0)&#8221; divider_weight_tablet=&#8221;500px&#8221; divider_weight_phone=&#8221;350px&#8221; divider_weight_last_edited=&#8221;off|desktop&#8221; _builder_version=&#8221;4.27.0&#8243; _module_preset=&#8221;default&#8221; background_image=&#8221;https:\/\/voguetalent.hu\/wp-content\/uploads\/2024\/08\/virtual-assistant-20.png&#8221; background_size=&#8221;initial&#8221; background_position=&#8221;top_left&#8221; background_repeat=&#8221;repeat-y&#8221; min_height=&#8221;860px&#8221; min_height_tablet=&#8221;500px&#8221; min_height_phone=&#8221;350px&#8221; min_height_last_edited=&#8221;on|desktop&#8221; custom_margin=&#8221;||-1px|||&#8221; custom_padding=&#8221;49px|||||&#8221; global_colors_info=&#8221;{}&#8221;][\/et_pb_divider][\/et_pb_column][\/et_pb_row][\/et_pb_section][et_pb_section fb_built=&#8221;1&#8243; admin_label=&#8221;Footer&#8221; _builder_version=&#8221;4.27.0&#8243; _module_preset=&#8221;default&#8221; background_color=&#8221;rgba(0,0,0,0.98)&#8221; custom_margin=&#8221;-15px|||||&#8221; custom_padding=&#8221;44px||1px|||&#8221; saved_tabs=&#8221;all&#8221; locked=&#8221;off&#8221; global_colors_info=&#8221;{}&#8221;][et_pb_row _builder_version=&#8221;4.16&#8243; _module_preset=&#8221;default&#8221; max_width=&#8221;700px&#8221; custom_padding=&#8221;0px|||||&#8221; global_colors_info=&#8221;{}&#8221;][et_pb_column type=&#8221;4_4&#8243; _builder_version=&#8221;4.16&#8243; _module_preset=&#8221;default&#8221; global_colors_info=&#8221;{}&#8221;][et_pb_contact_form email=&#8221;<span \n                data-original-string='ECWAF7Agw6JbzEep2vf7WA==497XDgQKx38K\/iYaS6SX3owUfRQhi1Al2XHM52pq+wrQ7A='\n                class='apbct-email-encoder'\n                title='This contact has been encoded by Anti-Spam by CleanTalk. Click to decode. To finish the decoding make sure that JavaScript is enabled in your browser.'>in<span class=\"apbct-blur\">**<\/span>@<span class=\"apbct-blur\">*********<\/span>nt.hu<\/span>&#8221; title=&#8221;L\u00c9PJ VEL\u00dcNK KAPCSOLATBA&#8221; custom_message=&#8221;\u00dczeneted \u00e9rkezett a weboldaladr\u00f3l, a C\u00c9GES MEETINGEK, KONFERENCI\u00c1K oldalr\u00f3l.||et_pb_line_break_holder||||et_pb_line_break_holder||Az al\u00e1bbi \u00fczenettel:||et_pb_line_break_holder||||et_pb_line_break_holder||C\u00e9gn\u00e9v: %%Bussines_name%%||et_pb_line_break_holder||Kapcsolattart\u00f3 neve: %%Name%%||et_pb_line_break_holder||E-mail c\u00edm: %%Email%%||et_pb_line_break_holder||Tervezett l\u00e9tsz\u00e1m: %%pepoples%%||et_pb_line_break_holder||Tervezett id\u0151pont: %%Date%%||et_pb_line_break_holder||||et_pb_line_break_holder||\u00dczenet: %%Message%%||et_pb_line_break_holder||||et_pb_line_break_holder||K\u00e9rlek, mentsd le az adatait \u00e9s vedd fel vele a kapcsolatot.||et_pb_line_break_holder||&#8221; success_message=&#8221;K\u00f6sz\u00f6nj\u00fck \u00e9rdekl\u0151d\u00e9s\u00e9t. Koll\u00e9g\u00e1nk r\u00f6videsen felveszi \u00d6nnel a kapcsolatot.&#8221; submit_button_text=&#8221;\u00c9rdekl\u0151d\u00f6m&#8221; _builder_version=&#8221;4.27.0&#8243; _module_preset=&#8221;default&#8221; _unique_id=&#8221;3737e600-c55c-41fc-8940-91d8070e799e&#8221; title_font=&#8221;Lora||||||||&#8221; title_text_color=&#8221;#FFFFFF&#8221; captcha_text_color=&#8221;#FFFFFF&#8221; custom_button=&#8221;on&#8221; button_text_size=&#8221;15px&#8221; button_text_color=&#8221;#FFFFFF&#8221; button_bg_color=&#8221;#E09900&#8243; button_border_radius=&#8221;10px&#8221; global_colors_info=&#8221;{}&#8221;][et_pb_contact_field field_id=&#8221;Bussines_name&#8221; field_title=&#8221;C\u00e9gn\u00e9v&#8221; fullwidth_field=&#8221;on&#8221; _builder_version=&#8221;4.27.0&#8243; _module_preset=&#8221;default&#8221; global_colors_info=&#8221;{}&#8221;][\/et_pb_contact_field][et_pb_contact_field field_id=&#8221;Name&#8221; field_title=&#8221;Kapcsolattart\u00f3 neve&#8221; _builder_version=&#8221;4.27.0&#8243; global_colors_info=&#8221;{}&#8221; button_text_size__hover_enabled=&#8221;off&#8221; button_one_text_size__hover_enabled=&#8221;off&#8221; button_two_text_size__hover_enabled=&#8221;off&#8221; button_text_color__hover_enabled=&#8221;off&#8221; button_one_text_color__hover_enabled=&#8221;off&#8221; button_two_text_color__hover_enabled=&#8221;off&#8221; button_border_width__hover_enabled=&#8221;off&#8221; button_one_border_width__hover_enabled=&#8221;off&#8221; button_two_border_width__hover_enabled=&#8221;off&#8221; button_border_color__hover_enabled=&#8221;off&#8221; button_one_border_color__hover_enabled=&#8221;off&#8221; button_two_border_color__hover_enabled=&#8221;off&#8221; button_border_radius__hover_enabled=&#8221;off&#8221; button_one_border_radius__hover_enabled=&#8221;off&#8221; button_two_border_radius__hover_enabled=&#8221;off&#8221; button_letter_spacing__hover_enabled=&#8221;off&#8221; button_one_letter_spacing__hover_enabled=&#8221;off&#8221; button_two_letter_spacing__hover_enabled=&#8221;off&#8221; button_bg_color__hover_enabled=&#8221;off&#8221; button_one_bg_color__hover_enabled=&#8221;off&#8221; button_two_bg_color__hover_enabled=&#8221;off&#8221;][\/et_pb_contact_field][et_pb_contact_field field_id=&#8221;pepoples&#8221; field_title=&#8221;Csapat l\u00e9tsz\u00e1m&#8221; _builder_version=&#8221;4.27.0&#8243; global_colors_info=&#8221;{}&#8221; button_text_size__hover_enabled=&#8221;off&#8221; button_one_text_size__hover_enabled=&#8221;off&#8221; button_two_text_size__hover_enabled=&#8221;off&#8221; button_text_color__hover_enabled=&#8221;off&#8221; button_one_text_color__hover_enabled=&#8221;off&#8221; button_two_text_color__hover_enabled=&#8221;off&#8221; button_border_width__hover_enabled=&#8221;off&#8221; button_one_border_width__hover_enabled=&#8221;off&#8221; button_two_border_width__hover_enabled=&#8221;off&#8221; button_border_color__hover_enabled=&#8221;off&#8221; button_one_border_color__hover_enabled=&#8221;off&#8221; button_two_border_color__hover_enabled=&#8221;off&#8221; button_border_radius__hover_enabled=&#8221;off&#8221; button_one_border_radius__hover_enabled=&#8221;off&#8221; button_two_border_radius__hover_enabled=&#8221;off&#8221; button_letter_spacing__hover_enabled=&#8221;off&#8221; button_one_letter_spacing__hover_enabled=&#8221;off&#8221; button_two_letter_spacing__hover_enabled=&#8221;off&#8221; button_bg_color__hover_enabled=&#8221;off&#8221; button_one_bg_color__hover_enabled=&#8221;off&#8221; button_two_bg_color__hover_enabled=&#8221;off&#8221;][\/et_pb_contact_field][et_pb_contact_field field_id=&#8221;Email_2&#8243; field_title=&#8221;Email&#8221; _builder_version=&#8221;4.27.0&#8243; _module_preset=&#8221;default&#8221; global_colors_info=&#8221;{}&#8221;][\/et_pb_contact_field][et_pb_contact_field field_id=&#8221;Date_2&#8243; field_title=&#8221;Rendezv\u00e9ny tervezett id\u0151pontja&#8221; _builder_version=&#8221;4.27.0&#8243; _module_preset=&#8221;default&#8221; global_colors_info=&#8221;{}&#8221;][\/et_pb_contact_field][et_pb_contact_field field_id=&#8221;Message&#8221; field_title=&#8221;\u00dczenet&#8221; field_type=&#8221;text&#8221; fullwidth_field=&#8221;on&#8221; _builder_version=&#8221;4.16&#8243; global_colors_info=&#8221;{}&#8221; button_text_size__hover_enabled=&#8221;off&#8221; button_one_text_size__hover_enabled=&#8221;off&#8221; button_two_text_size__hover_enabled=&#8221;off&#8221; button_text_color__hover_enabled=&#8221;off&#8221; button_one_text_color__hover_enabled=&#8221;off&#8221; button_two_text_color__hover_enabled=&#8221;off&#8221; button_border_width__hover_enabled=&#8221;off&#8221; button_one_border_width__hover_enabled=&#8221;off&#8221; button_two_border_width__hover_enabled=&#8221;off&#8221; button_border_color__hover_enabled=&#8221;off&#8221; button_one_border_color__hover_enabled=&#8221;off&#8221; button_two_border_color__hover_enabled=&#8221;off&#8221; button_border_radius__hover_enabled=&#8221;off&#8221; button_one_border_radius__hover_enabled=&#8221;off&#8221; button_two_border_radius__hover_enabled=&#8221;off&#8221; button_letter_spacing__hover_enabled=&#8221;off&#8221; button_one_letter_spacing__hover_enabled=&#8221;off&#8221; button_two_letter_spacing__hover_enabled=&#8221;off&#8221; button_bg_color__hover_enabled=&#8221;off&#8221; button_one_bg_color__hover_enabled=&#8221;off&#8221; button_two_bg_color__hover_enabled=&#8221;off&#8221;][\/et_pb_contact_field][\/et_pb_contact_form][\/et_pb_column][\/et_pb_row][et_pb_row _builder_version=&#8221;4.16&#8243; _module_preset=&#8221;default&#8221; custom_margin=&#8221;-36px|auto||auto||&#8221; global_colors_info=&#8221;{}&#8221;][et_pb_column type=&#8221;4_4&#8243; _builder_version=&#8221;4.16&#8243; _module_preset=&#8221;default&#8221; global_colors_info=&#8221;{}&#8221;][et_pb_social_media_follow icon_color=&#8221;#FFFFFF&#8221; _builder_version=&#8221;4.27.0&#8243; _module_preset=&#8221;default&#8221; text_orientation=&#8221;center&#8221; custom_margin=&#8221;-25px||||false|false&#8221; locked=&#8221;off&#8221; global_colors_info=&#8221;{}&#8221;][et_pb_social_media_follow_network social_network=&#8221;facebook&#8221; url=&#8221;https:\/\/www.facebook.com\/profile.php?id=61561851464640&#8243; icon_color=&#8221;#FFFFFF&#8221; _builder_version=&#8221;4.27.0&#8243; _module_preset=&#8221;default&#8221; background_enable_color=&#8221;off&#8221; custom_button=&#8221;on&#8221; button_text_size=&#8221;1px&#8221; button_text_color=&#8221;RGBA(255,255,255,0)&#8221; button_bg_color=&#8221;#0C71C3&#8243; button_border_color=&#8221;#0C71C3&#8243; box_shadow_style=&#8221;preset1&#8243; box_shadow_color=&#8221;#FFFFFF&#8221; global_colors_info=&#8221;{}&#8221; follow_button=&#8221;off&#8221; url_new_window=&#8221;on&#8221;]facebook[\/et_pb_social_media_follow_network][et_pb_social_media_follow_network social_network=&#8221;instagram&#8221; url=&#8221;https:\/\/www.instagram.com\/voguetalentkft.1\/&#8221; icon_color=&#8221;#FFFFFF&#8221; _builder_version=&#8221;4.27.0&#8243; _module_preset=&#8221;default&#8221; background_enable_color=&#8221;off&#8221; box_shadow_style=&#8221;preset1&#8243; box_shadow_color=&#8221;#FFFFFF&#8221; global_colors_info=&#8221;{}&#8221; follow_button=&#8221;off&#8221; url_new_window=&#8221;on&#8221;]instagram[\/et_pb_social_media_follow_network][et_pb_social_media_follow_network social_network=&#8221;linkedin&#8221; url=&#8221;https:\/\/www.linkedin.com\/in\/katalin-nagy-b7406336\/&#8221; _builder_version=&#8221;4.27.0&#8243; _module_preset=&#8221;default&#8221; background_color=&#8221;#007bb6&#8243; box_shadow_style=&#8221;preset1&#8243; box_shadow_color=&#8221;#FFFFFF&#8221; global_colors_info=&#8221;{}&#8221; follow_button=&#8221;off&#8221; url_new_window=&#8221;on&#8221;]linkedin[\/et_pb_social_media_follow_network][et_pb_social_media_follow_network social_network=&#8221;tiktok&#8221; url=&#8221;https:\/\/www.tiktok.com\/@vogue_talent_kft&#8221; _builder_version=&#8221;4.27.0&#8243; _module_preset=&#8221;default&#8221; background_color=&#8221;#fe2c55&#8243; box_shadow_style=&#8221;preset1&#8243; box_shadow_color=&#8221;#FFFFFF&#8221; global_colors_info=&#8221;{}&#8221; follow_button=&#8221;off&#8221; url_new_window=&#8221;on&#8221;]tiktok[\/et_pb_social_media_follow_network][\/et_pb_social_media_follow][\/et_pb_column][\/et_pb_row][\/et_pb_section]<\/p>","protected":false},"excerpt":{"rendered":"<p>C\u00e9ges meetingek, konferenci\u00e1kSzervezett meetingek, konferenci\u00e1k, ahol a hat\u00e9konys\u00e1g \u00e9s a siker tal\u00e1lkozik.Mi\u00e9rt v\u00e1lassza a szolg\u00e1ltat\u00e1sunkat? Mert n\u00e1lunk a meetingek nem csup\u00e1n form\u00e1lis esem\u00e9nyek, hanem strat\u00e9giai lehet\u0151s\u00e9gek. Gondosan megtervezz\u00fck \u00e9s lebonyol\u00edtjuk tal\u00e1lkoz\u00f3it, hogy \u00d6n a legfontosabb feladatokra \u00f6sszpontos\u00edthasson. Figyelmet ford\u00edtunk a r\u00e9szletekre, hogy minden a lehet\u0151 legz\u00f6kken\u0151mentesebben \u00e9s hat\u00e9konyabban t\u00f6rt\u00e9njen. B\u00edzza r\u00e1nk a szervez\u00e9st, \u00e9s tapasztalja [&hellip;]<\/p>","protected":false},"author":2,"featured_media":0,"parent":0,"menu_order":0,"comment_status":"closed","ping_status":"closed","template":"","meta":{"_bbp_topic_count":0,"_bbp_reply_count":0,"_bbp_total_topic_count":0,"_bbp_total_reply_count":0,"_bbp_voice_count":0,"_bbp_anonymous_reply_count":0,"_bbp_topic_count_hidden":0,"_bbp_reply_count_hidden":0,"_bbp_forum_subforum_count":0,"_et_pb_use_builder":"on","_et_pb_old_content":"<!-- wp:divi\/placeholder \/-->","_et_gb_content_width":"","pmpro_default_level":"","_monsterinsights_skip_tracking":false,"_monsterinsights_sitenote_active":false,"_monsterinsights_sitenote_note":"","_monsterinsights_sitenote_category":0,"powered_cache_disable_cache":false,"footnotes":""},"class_list":["post-548","page","type-page","status-publish","hentry","pmpro-has-access"],"yoast_head":"<!-- This site is optimized with the Yoast SEO plugin v23.5 - https:\/\/yoast.com\/wordpress\/plugins\/seo\/ -->\n<title>C\u00e9ges meetingek-konferenci\u00e1k szervez\u00e9se - voguetalent.hu<\/title>\n<meta name=\"robots\" content=\"index, follow, max-snippet:-1, max-image-preview:large, max-video-preview:-1\" \/>\n<link rel=\"canonical\" href=\"https:\/\/voguetalent.hu\/en\/ceges-meetingek-konferenciak-szervezese\/\" \/>\n<meta property=\"og:locale\" content=\"en_US\" \/>\n<meta property=\"og:type\" content=\"article\" \/>\n<meta property=\"og:title\" content=\"C\u00e9ges meetingek-konferenci\u00e1k szervez\u00e9se - voguetalent.hu\" \/>\n<meta property=\"og:description\" content=\"C\u00e9ges meetingek, konferenci\u00e1kSzervezett meetingek, konferenci\u00e1k, ahol a hat\u00e9konys\u00e1g \u00e9s a siker tal\u00e1lkozik.Mi\u00e9rt v\u00e1lassza a szolg\u00e1ltat\u00e1sunkat? Mert n\u00e1lunk a meetingek nem csup\u00e1n form\u00e1lis esem\u00e9nyek, hanem strat\u00e9giai lehet\u0151s\u00e9gek. Gondosan megtervezz\u00fck \u00e9s lebonyol\u00edtjuk tal\u00e1lkoz\u00f3it, hogy \u00d6n a legfontosabb feladatokra \u00f6sszpontos\u00edthasson. Figyelmet ford\u00edtunk a r\u00e9szletekre, hogy minden a lehet\u0151 legz\u00f6kken\u0151mentesebben \u00e9s hat\u00e9konyabban t\u00f6rt\u00e9njen. B\u00edzza r\u00e1nk a szervez\u00e9st, \u00e9s tapasztalja [&hellip;]\" \/>\n<meta property=\"og:url\" content=\"https:\/\/voguetalent.hu\/en\/ceges-meetingek-konferenciak-szervezese\/\" \/>\n<meta property=\"og:site_name\" content=\"voguetalent.hu\" \/>\n<meta property=\"article:publisher\" content=\"https:\/\/www.facebook.com\/profile.php?id=61561851464640\" \/>\n<meta property=\"article:modified_time\" content=\"2024-09-05T17:29:14+00:00\" \/>\n<meta name=\"twitter:card\" content=\"summary_large_image\" \/>\n<script type=\"application\/ld+json\" class=\"yoast-schema-graph\">{\"@context\":\"https:\/\/schema.org\",\"@graph\":[{\"@type\":\"WebPage\",\"@id\":\"https:\/\/voguetalent.hu\/ceges-meetingek-konferenciak-szervezese\/\",\"url\":\"https:\/\/voguetalent.hu\/ceges-meetingek-konferenciak-szervezese\/\",\"name\":\"C\u00e9ges meetingek-konferenci\u00e1k szervez\u00e9se - voguetalent.hu\",\"isPartOf\":{\"@id\":\"https:\/\/voguetalent.hu\/#website\"},\"datePublished\":\"2024-08-13T08:03:53+00:00\",\"dateModified\":\"2024-09-05T17:29:14+00:00\",\"breadcrumb\":{\"@id\":\"https:\/\/voguetalent.hu\/ceges-meetingek-konferenciak-szervezese\/#breadcrumb\"},\"inLanguage\":\"en-US\",\"potentialAction\":[{\"@type\":\"ReadAction\",\"target\":[\"https:\/\/voguetalent.hu\/ceges-meetingek-konferenciak-szervezese\/\"]}]},{\"@type\":\"BreadcrumbList\",\"@id\":\"https:\/\/voguetalent.hu\/ceges-meetingek-konferenciak-szervezese\/#breadcrumb\",\"itemListElement\":[{\"@type\":\"ListItem\",\"position\":1,\"name\":\"Home\",\"item\":\"https:\/\/voguetalent.hu\/\"},{\"@type\":\"ListItem\",\"position\":2,\"name\":\"C\u00e9ges meetingek-konferenci\u00e1k szervez\u00e9se\"}]},{\"@type\":\"WebSite\",\"@id\":\"https:\/\/voguetalent.hu\/#website\",\"url\":\"https:\/\/voguetalent.hu\/\",\"name\":\"voguetalent.hu\",\"description\":\"Fejvad\u00e1sz, HR: gy\u00f3gyszeripar, vegyipar, \u00e9lelmiszeripar, eg\u00e9szs\u00e9g\u00fcgy\",\"publisher\":{\"@id\":\"https:\/\/voguetalent.hu\/#organization\"},\"potentialAction\":[{\"@type\":\"SearchAction\",\"target\":{\"@type\":\"EntryPoint\",\"urlTemplate\":\"https:\/\/voguetalent.hu\/?s={search_term_string}\"},\"query-input\":{\"@type\":\"PropertyValueSpecification\",\"valueRequired\":true,\"valueName\":\"search_term_string\"}}],\"inLanguage\":\"en-US\"},{\"@type\":\"Organization\",\"@id\":\"https:\/\/voguetalent.hu\/#organization\",\"name\":\"voguetalent.hu\",\"url\":\"https:\/\/voguetalent.hu\/\",\"logo\":{\"@type\":\"ImageObject\",\"inLanguage\":\"en-US\",\"@id\":\"https:\/\/voguetalent.hu\/#\/schema\/logo\/image\/\",\"url\":\"https:\/\/voguetalent.hu\/wp-content\/uploads\/2024\/07\/Voguetalent_V.jpg\",\"contentUrl\":\"https:\/\/voguetalent.hu\/wp-content\/uploads\/2024\/07\/Voguetalent_V.jpg\",\"width\":952,\"height\":899,\"caption\":\"voguetalent.hu\"},\"image\":{\"@id\":\"https:\/\/voguetalent.hu\/#\/schema\/logo\/image\/\"},\"sameAs\":[\"https:\/\/www.facebook.com\/profile.php?id=61561851464640\"]}]}<\/script>\n<!-- \/ Yoast SEO plugin. -->","yoast_head_json":{"title":"C\u00e9ges meetingek-konferenci\u00e1k szervez\u00e9se - voguetalent.hu","robots":{"index":"index","follow":"follow","max-snippet":"max-snippet:-1","max-image-preview":"max-image-preview:large","max-video-preview":"max-video-preview:-1"},"canonical":"https:\/\/voguetalent.hu\/en\/ceges-meetingek-konferenciak-szervezese\/","og_locale":"en_US","og_type":"article","og_title":"C\u00e9ges meetingek-konferenci\u00e1k szervez\u00e9se - voguetalent.hu","og_description":"C\u00e9ges meetingek, konferenci\u00e1kSzervezett meetingek, konferenci\u00e1k, ahol a hat\u00e9konys\u00e1g \u00e9s a siker tal\u00e1lkozik.Mi\u00e9rt v\u00e1lassza a szolg\u00e1ltat\u00e1sunkat? Mert n\u00e1lunk a meetingek nem csup\u00e1n form\u00e1lis esem\u00e9nyek, hanem strat\u00e9giai lehet\u0151s\u00e9gek. Gondosan megtervezz\u00fck \u00e9s lebonyol\u00edtjuk tal\u00e1lkoz\u00f3it, hogy \u00d6n a legfontosabb feladatokra \u00f6sszpontos\u00edthasson. Figyelmet ford\u00edtunk a r\u00e9szletekre, hogy minden a lehet\u0151 legz\u00f6kken\u0151mentesebben \u00e9s hat\u00e9konyabban t\u00f6rt\u00e9njen. B\u00edzza r\u00e1nk a szervez\u00e9st, \u00e9s tapasztalja [&hellip;]","og_url":"https:\/\/voguetalent.hu\/en\/ceges-meetingek-konferenciak-szervezese\/","og_site_name":"voguetalent.hu","article_publisher":"https:\/\/www.facebook.com\/profile.php?id=61561851464640","article_modified_time":"2024-09-05T17:29:14+00:00","twitter_card":"summary_large_image","schema":{"@context":"https:\/\/schema.org","@graph":[{"@type":"WebPage","@id":"https:\/\/voguetalent.hu\/ceges-meetingek-konferenciak-szervezese\/","url":"https:\/\/voguetalent.hu\/ceges-meetingek-konferenciak-szervezese\/","name":"C\u00e9ges meetingek-konferenci\u00e1k szervez\u00e9se - voguetalent.hu","isPartOf":{"@id":"https:\/\/voguetalent.hu\/#website"},"datePublished":"2024-08-13T08:03:53+00:00","dateModified":"2024-09-05T17:29:14+00:00","breadcrumb":{"@id":"https:\/\/voguetalent.hu\/ceges-meetingek-konferenciak-szervezese\/#breadcrumb"},"inLanguage":"en-US","potentialAction":[{"@type":"ReadAction","target":["https:\/\/voguetalent.hu\/ceges-meetingek-konferenciak-szervezese\/"]}]},{"@type":"BreadcrumbList","@id":"https:\/\/voguetalent.hu\/ceges-meetingek-konferenciak-szervezese\/#breadcrumb","itemListElement":[{"@type":"ListItem","position":1,"name":"Home","item":"https:\/\/voguetalent.hu\/"},{"@type":"ListItem","position":2,"name":"C\u00e9ges meetingek-konferenci\u00e1k szervez\u00e9se"}]},{"@type":"WebSite","@id":"https:\/\/voguetalent.hu\/#website","url":"https:\/\/voguetalent.hu\/","name":"voguetalent.hu","description":"Fejvad\u00e1sz, HR: gy\u00f3gyszeripar, vegyipar, \u00e9lelmiszeripar, eg\u00e9szs\u00e9g\u00fcgy","publisher":{"@id":"https:\/\/voguetalent.hu\/#organization"},"potentialAction":[{"@type":"SearchAction","target":{"@type":"EntryPoint","urlTemplate":"https:\/\/voguetalent.hu\/?s={search_term_string}"},"query-input":{"@type":"PropertyValueSpecification","valueRequired":true,"valueName":"search_term_string"}}],"inLanguage":"en-US"},{"@type":"Organization","@id":"https:\/\/voguetalent.hu\/#organization","name":"voguetalent.hu","url":"https:\/\/voguetalent.hu\/","logo":{"@type":"ImageObject","inLanguage":"en-US","@id":"https:\/\/voguetalent.hu\/#\/schema\/logo\/image\/","url":"https:\/\/voguetalent.hu\/wp-content\/uploads\/2024\/07\/Voguetalent_V.jpg","contentUrl":"https:\/\/voguetalent.hu\/wp-content\/uploads\/2024\/07\/Voguetalent_V.jpg","width":952,"height":899,"caption":"voguetalent.hu"},"image":{"@id":"https:\/\/voguetalent.hu\/#\/schema\/logo\/image\/"},"sameAs":["https:\/\/www.facebook.com\/profile.php?id=61561851464640"]}]}},"jetpack_sharing_enabled":true,"_links":{"self":[{"href":"https:\/\/voguetalent.hu\/en\/wp-json\/wp\/v2\/pages\/548"}],"collection":[{"href":"https:\/\/voguetalent.hu\/en\/wp-json\/wp\/v2\/pages"}],"about":[{"href":"https:\/\/voguetalent.hu\/en\/wp-json\/wp\/v2\/types\/page"}],"author":[{"embeddable":true,"href":"https:\/\/voguetalent.hu\/en\/wp-json\/wp\/v2\/users\/2"}],"replies":[{"embeddable":true,"href":"https:\/\/voguetalent.hu\/en\/wp-json\/wp\/v2\/comments?post=548"}],"version-history":[{"count":0,"href":"https:\/\/voguetalent.hu\/en\/wp-json\/wp\/v2\/pages\/548\/revisions"}],"wp:attachment":[{"href":"https:\/\/voguetalent.hu\/en\/wp-json\/wp\/v2\/media?parent=548"}],"curies":[{"name":"wp","href":"https:\/\/api.w.org\/{rel}","templated":true}]}}