{"id":576,"date":"2024-08-13T09:02:18","date_gmt":"2024-08-13T09:02:18","guid":{"rendered":"https:\/\/voguetalent.hu\/?page_id=576"},"modified":"2024-08-13T09:06:59","modified_gmt":"2024-08-13T09:06:59","slug":"regisztraciok-belepes","status":"publish","type":"page","link":"https:\/\/voguetalent.hu\/en\/regisztraciok-belepes\/","title":{"rendered":"Registrations\/Log in"},"content":{"rendered":"[et_pb_section admin_label=&#8221;section&#8221;]\n\t\t\t[et_pb_row admin_label=&#8221;row&#8221;]\n\t\t\t\t[et_pb_column type=&#8221;4_4&#8243;][et_pb_text admin_label=&#8221;Text&#8221;][\/et_pb_text][\/et_pb_column]\n\t\t\t[\/et_pb_row]\n\t\t[\/et_pb_section]","protected":false},"excerpt":{"rendered":"","protected":false},"author":2,"featured_media":0,"parent":0,"menu_order":0,"comment_status":"closed","ping_status":"closed","template":"","meta":{"_bbp_topic_count":0,"_bbp_reply_count":0,"_bbp_total_topic_count":0,"_bbp_total_reply_count":0,"_bbp_voice_count":0,"_bbp_anonymous_reply_count":0,"_bbp_topic_count_hidden":0,"_bbp_reply_count_hidden":0,"_bbp_forum_subforum_count":0,"_et_pb_use_builder":"on","_et_pb_old_content":"<!-- wp:divi\/placeholder \/-->","_et_gb_content_width":"","pmpro_default_level":"","_monsterinsights_skip_tracking":false,"_monsterinsights_sitenote_active":false,"_monsterinsights_sitenote_note":"","_monsterinsights_sitenote_category":0,"powered_cache_disable_cache":false,"footnotes":""},"class_list":["post-576","page","type-page","status-publish","hentry","pmpro-has-access"],"yoast_head":"<!-- This site is optimized with the Yoast SEO plugin v23.5 - https:\/\/yoast.com\/wordpress\/plugins\/seo\/ -->\n<title>Regisztr\u00e1ci\u00f3k\/Bel\u00e9p\u00e9s - voguetalent.hu<\/title>\n<meta name=\"robots\" content=\"index, follow, max-snippet:-1, max-image-preview:large, max-video-preview:-1\" \/>\n<link rel=\"canonical\" href=\"https:\/\/voguetalent.hu\/en\/regisztraciok-belepes\/\" \/>\n<meta property=\"og:locale\" content=\"en_US\" \/>\n<meta property=\"og:type\" content=\"article\" \/>\n<meta property=\"og:title\" content=\"Regisztr\u00e1ci\u00f3k\/Bel\u00e9p\u00e9s - voguetalent.hu\" \/>\n<meta property=\"og:url\" content=\"https:\/\/voguetalent.hu\/en\/regisztraciok-belepes\/\" \/>\n<meta property=\"og:site_name\" content=\"voguetalent.hu\" \/>\n<meta property=\"article:publisher\" content=\"https:\/\/www.facebook.com\/profile.php?id=61561851464640\" \/>\n<meta property=\"article:modified_time\" content=\"2024-08-13T09:06:59+00:00\" \/>\n<meta name=\"twitter:card\" content=\"summary_large_image\" \/>\n<script type=\"application\/ld+json\" class=\"yoast-schema-graph\">{\"@context\":\"https:\/\/schema.org\",\"@graph\":[{\"@type\":\"WebPage\",\"@id\":\"https:\/\/voguetalent.hu\/regisztraciok-belepes\/\",\"url\":\"https:\/\/voguetalent.hu\/regisztraciok-belepes\/\",\"name\":\"Regisztr\u00e1ci\u00f3k\/Bel\u00e9p\u00e9s - voguetalent.hu\",\"isPartOf\":{\"@id\":\"https:\/\/voguetalent.hu\/#website\"},\"datePublished\":\"2024-08-13T09:02:18+00:00\",\"dateModified\":\"2024-08-13T09:06:59+00:00\",\"breadcrumb\":{\"@id\":\"https:\/\/voguetalent.hu\/regisztraciok-belepes\/#breadcrumb\"},\"inLanguage\":\"en-US\",\"potentialAction\":[{\"@type\":\"ReadAction\",\"target\":[\"https:\/\/voguetalent.hu\/regisztraciok-belepes\/\"]}]},{\"@type\":\"BreadcrumbList\",\"@id\":\"https:\/\/voguetalent.hu\/regisztraciok-belepes\/#breadcrumb\",\"itemListElement\":[{\"@type\":\"ListItem\",\"position\":1,\"name\":\"Home\",\"item\":\"https:\/\/voguetalent.hu\/\"},{\"@type\":\"ListItem\",\"position\":2,\"name\":\"Regisztr\u00e1ci\u00f3k\/Bel\u00e9p\u00e9s\"}]},{\"@type\":\"WebSite\",\"@id\":\"https:\/\/voguetalent.hu\/#website\",\"url\":\"https:\/\/voguetalent.hu\/\",\"name\":\"voguetalent.hu\",\"description\":\"Fejvad\u00e1sz, HR: gy\u00f3gyszeripar, vegyipar, \u00e9lelmiszeripar, eg\u00e9szs\u00e9g\u00fcgy\",\"publisher\":{\"@id\":\"https:\/\/voguetalent.hu\/#organization\"},\"potentialAction\":[{\"@type\":\"SearchAction\",\"target\":{\"@type\":\"EntryPoint\",\"urlTemplate\":\"https:\/\/voguetalent.hu\/?s={search_term_string}\"},\"query-input\":{\"@type\":\"PropertyValueSpecification\",\"valueRequired\":true,\"valueName\":\"search_term_string\"}}],\"inLanguage\":\"en-US\"},{\"@type\":\"Organization\",\"@id\":\"https:\/\/voguetalent.hu\/#organization\",\"name\":\"voguetalent.hu\",\"url\":\"https:\/\/voguetalent.hu\/\",\"logo\":{\"@type\":\"ImageObject\",\"inLanguage\":\"en-US\",\"@id\":\"https:\/\/voguetalent.hu\/#\/schema\/logo\/image\/\",\"url\":\"https:\/\/voguetalent.hu\/wp-content\/uploads\/2024\/07\/Voguetalent_V.jpg\",\"contentUrl\":\"https:\/\/voguetalent.hu\/wp-content\/uploads\/2024\/07\/Voguetalent_V.jpg\",\"width\":952,\"height\":899,\"caption\":\"voguetalent.hu\"},\"image\":{\"@id\":\"https:\/\/voguetalent.hu\/#\/schema\/logo\/image\/\"},\"sameAs\":[\"https:\/\/www.facebook.com\/profile.php?id=61561851464640\"]}]}<\/script>\n<!-- \/ Yoast SEO plugin. -->","yoast_head_json":{"title":"Regisztr\u00e1ci\u00f3k\/Bel\u00e9p\u00e9s - voguetalent.hu","robots":{"index":"index","follow":"follow","max-snippet":"max-snippet:-1","max-image-preview":"max-image-preview:large","max-video-preview":"max-video-preview:-1"},"canonical":"https:\/\/voguetalent.hu\/en\/regisztraciok-belepes\/","og_locale":"en_US","og_type":"article","og_title":"Regisztr\u00e1ci\u00f3k\/Bel\u00e9p\u00e9s - voguetalent.hu","og_url":"https:\/\/voguetalent.hu\/en\/regisztraciok-belepes\/","og_site_name":"voguetalent.hu","article_publisher":"https:\/\/www.facebook.com\/profile.php?id=61561851464640","article_modified_time":"2024-08-13T09:06:59+00:00","twitter_card":"summary_large_image","schema":{"@context":"https:\/\/schema.org","@graph":[{"@type":"WebPage","@id":"https:\/\/voguetalent.hu\/regisztraciok-belepes\/","url":"https:\/\/voguetalent.hu\/regisztraciok-belepes\/","name":"Regisztr\u00e1ci\u00f3k\/Bel\u00e9p\u00e9s - voguetalent.hu","isPartOf":{"@id":"https:\/\/voguetalent.hu\/#website"},"datePublished":"2024-08-13T09:02:18+00:00","dateModified":"2024-08-13T09:06:59+00:00","breadcrumb":{"@id":"https:\/\/voguetalent.hu\/regisztraciok-belepes\/#breadcrumb"},"inLanguage":"en-US","potentialAction":[{"@type":"ReadAction","target":["https:\/\/voguetalent.hu\/regisztraciok-belepes\/"]}]},{"@type":"BreadcrumbList","@id":"https:\/\/voguetalent.hu\/regisztraciok-belepes\/#breadcrumb","itemListElement":[{"@type":"ListItem","position":1,"name":"Home","item":"https:\/\/voguetalent.hu\/"},{"@type":"ListItem","position":2,"name":"Regisztr\u00e1ci\u00f3k\/Bel\u00e9p\u00e9s"}]},{"@type":"WebSite","@id":"https:\/\/voguetalent.hu\/#website","url":"https:\/\/voguetalent.hu\/","name":"voguetalent.hu","description":"Fejvad\u00e1sz, HR: gy\u00f3gyszeripar, vegyipar, \u00e9lelmiszeripar, eg\u00e9szs\u00e9g\u00fcgy","publisher":{"@id":"https:\/\/voguetalent.hu\/#organization"},"potentialAction":[{"@type":"SearchAction","target":{"@type":"EntryPoint","urlTemplate":"https:\/\/voguetalent.hu\/?s={search_term_string}"},"query-input":{"@type":"PropertyValueSpecification","valueRequired":true,"valueName":"search_term_string"}}],"inLanguage":"en-US"},{"@type":"Organization","@id":"https:\/\/voguetalent.hu\/#organization","name":"voguetalent.hu","url":"https:\/\/voguetalent.hu\/","logo":{"@type":"ImageObject","inLanguage":"en-US","@id":"https:\/\/voguetalent.hu\/#\/schema\/logo\/image\/","url":"https:\/\/voguetalent.hu\/wp-content\/uploads\/2024\/07\/Voguetalent_V.jpg","contentUrl":"https:\/\/voguetalent.hu\/wp-content\/uploads\/2024\/07\/Voguetalent_V.jpg","width":952,"height":899,"caption":"voguetalent.hu"},"image":{"@id":"https:\/\/voguetalent.hu\/#\/schema\/logo\/image\/"},"sameAs":["https:\/\/www.facebook.com\/profile.php?id=61561851464640"]}]}},"jetpack_sharing_enabled":true,"_links":{"self":[{"href":"https:\/\/voguetalent.hu\/en\/wp-json\/wp\/v2\/pages\/576"}],"collection":[{"href":"https:\/\/voguetalent.hu\/en\/wp-json\/wp\/v2\/pages"}],"about":[{"href":"https:\/\/voguetalent.hu\/en\/wp-json\/wp\/v2\/types\/page"}],"author":[{"embeddable":true,"href":"https:\/\/voguetalent.hu\/en\/wp-json\/wp\/v2\/users\/2"}],"replies":[{"embeddable":true,"href":"https:\/\/voguetalent.hu\/en\/wp-json\/wp\/v2\/comments?post=576"}],"version-history":[{"count":0,"href":"https:\/\/voguetalent.hu\/en\/wp-json\/wp\/v2\/pages\/576\/revisions"}],"wp:attachment":[{"href":"https:\/\/voguetalent.hu\/en\/wp-json\/wp\/v2\/media?parent=576"}],"curies":[{"name":"wp","href":"https:\/\/api.w.org\/{rel}","templated":true}]}}